{"id":430,"date":"2024-09-23T20:11:25","date_gmt":"2024-09-23T18:11:25","guid":{"rendered":"https:\/\/jce-agen.fr\/?page_id=430"},"modified":"2024-09-23T20:28:06","modified_gmt":"2024-09-23T18:28:06","slug":"nous-soutenir","status":"publish","type":"page","link":"https:\/\/jce-agen.fr\/index.php\/nous-soutenir\/","title":{"rendered":"Nous soutenir"},"content":{"rendered":"\n<div class=\"wp-block-columns alignfull has-vivid-cyan-blue-background-color has-background is-layout-flex wp-container-core-columns-is-layout-9d6595d7 wp-block-columns-is-layout-flex\">\n<div class=\"wp-block-column is-layout-flow wp-block-column-is-layout-flow\" style=\"flex-basis:300px\"><\/div>\n\n\n\n<div class=\"wp-block-column is-layout-flow wp-block-column-is-layout-flow\">\n<div style=\"height:45px\" aria-hidden=\"true\" class=\"wp-block-spacer\"><\/div>\n\n\n\n<h2 class=\"wp-block-heading has-text-align-left has-white-color has-text-color has-link-color wp-elements-f92cd98ef3168c2e7fc351e778d0e396\"><mark style=\"background-color:rgba(0, 0, 0, 0)\" class=\"has-inline-color has-white-color\"><strong>Soutenir financi\u00e8rement la Jeune Chambre \u00c9conomique d&rsquo;Agen, c&rsquo;est nous permettre de faire des actions percutantes sur le territoire agenais.<\/strong><\/mark><\/h2>\n\n\n\n<div style=\"height:45px\" aria-hidden=\"true\" class=\"wp-block-spacer\"><\/div>\n<\/div>\n\n\n\n<div class=\"wp-block-column is-layout-flow wp-block-column-is-layout-flow\" style=\"flex-basis:300px\"><\/div>\n<\/div>\n\n\n\n<div style=\"height:42px\" aria-hidden=\"true\" class=\"wp-block-spacer\"><\/div>\n\n\n\n<div class=\"wp-block-buttons alignwide is-content-justification-center is-layout-flex wp-container-core-buttons-is-layout-16018d1d wp-block-buttons-is-layout-flex\">\n<div class=\"wp-block-button has-custom-width wp-block-button__width-75 has-custom-font-size is-style-fill has-x-large-font-size\"><a class=\"wp-block-button__link has-white-color has-text-color has-background has-link-color wp-element-button\" href=\"https:\/\/www.helloasso.com\/associations\/jeune-chambre-economique-d-agen\/formulaires\/2\" style=\"border-radius:61px;background-color:#34479e\"><strong>Nous soutenir <\/strong>\ud83d\ude80<\/a><\/div>\n<\/div>\n\n\n\n<h2 class=\"wp-block-heading has-white-background-color has-text-color has-background has-link-color has-large-font-size wp-elements-e2a60bfc9697982b088cdcf0add4aba2\" style=\"color:#d09c3f;font-style:normal;font-weight:900\">Quelques bonnes raisons de nous soutenir :<\/h2>\n\n\n\n<p><\/p>\n\n\n\n<div class=\"wp-block-columns is-layout-flex wp-container-core-columns-is-layout-9d6595d7 wp-block-columns-is-layout-flex\">\n<div class=\"wp-block-column is-layout-flow wp-block-column-is-layout-flow\">\n<p class=\"has-medium-font-size\"><strong><mark style=\"background-color:rgba(0, 0, 0, 0)\" class=\"has-inline-color has-black-color\">Un Incubateur de leaders citoyens<\/mark><\/strong><mark style=\"background-color:rgba(0, 0, 0, 0)\" class=\"has-inline-color has-black-color\"><\/mark><\/p>\n\n\n\n<div class=\"wp-block-media-text is-stacked-on-mobile is-vertically-aligned-top\" style=\"grid-template-columns:15% auto\"><figure class=\"wp-block-media-text__media\"><img data-recalc-dims=\"1\" decoding=\"async\" width=\"565\" height=\"551\" data-src=\"https:\/\/i0.wp.com\/jce-agen.fr\/wp-content\/uploads\/2024\/09\/benevole.png?resize=565%2C551&#038;ssl=1\" alt=\"\" class=\"wp-image-454 size-full lazyload\" data-srcset=\"https:\/\/i0.wp.com\/jce-agen.fr\/wp-content\/uploads\/2024\/09\/benevole.png?w=565&amp;ssl=1 565w, https:\/\/i0.wp.com\/jce-agen.fr\/wp-content\/uploads\/2024\/09\/benevole.png?resize=300%2C293&amp;ssl=1 300w\" data-sizes=\"(max-width: 565px) 100vw, 565px\" src=\"data:image\/svg+xml;base64,PHN2ZyB3aWR0aD0iMSIgaGVpZ2h0PSIxIiB4bWxucz0iaHR0cDovL3d3dy53My5vcmcvMjAwMC9zdmciPjwvc3ZnPg==\" style=\"--smush-placeholder-width: 565px; --smush-placeholder-aspect-ratio: 565\/551;\" \/><\/figure><div class=\"wp-block-media-text__content\">\n<p class=\"has-medium-font-size\"><mark style=\"background-color:rgba(0, 0, 0, 0)\" class=\"has-inline-color has-black-color\">La Jeune Chambre \u00c9conomique (JCE) forme les leaders de demain en offrant des opportunit\u00e9s de d\u00e9veloppement personnel et professionnel. <\/mark><\/p>\n<\/div><\/div>\n<\/div>\n\n\n\n<div class=\"wp-block-column is-layout-flow wp-block-column-is-layout-flow\">\n<p class=\"has-medium-font-size\"><strong><mark style=\"background-color:rgba(0, 0, 0, 0)\" class=\"has-inline-color has-black-color\">Des projets \u00e0 impact local et global<\/mark><\/strong><\/p>\n\n\n\n<div class=\"wp-block-media-text is-stacked-on-mobile is-vertically-aligned-top\" style=\"grid-template-columns:20% auto\"><figure class=\"wp-block-media-text__media\"><img data-recalc-dims=\"1\" decoding=\"async\" width=\"554\" height=\"311\" data-src=\"https:\/\/i0.wp.com\/jce-agen.fr\/wp-content\/uploads\/2024\/09\/megaphone.png?resize=554%2C311&#038;ssl=1\" alt=\"\" class=\"wp-image-455 size-full lazyload\" data-srcset=\"https:\/\/i0.wp.com\/jce-agen.fr\/wp-content\/uploads\/2024\/09\/megaphone.png?w=554&amp;ssl=1 554w, https:\/\/i0.wp.com\/jce-agen.fr\/wp-content\/uploads\/2024\/09\/megaphone.png?resize=300%2C168&amp;ssl=1 300w\" data-sizes=\"(max-width: 554px) 100vw, 554px\" src=\"data:image\/svg+xml;base64,PHN2ZyB3aWR0aD0iMSIgaGVpZ2h0PSIxIiB4bWxucz0iaHR0cDovL3d3dy53My5vcmcvMjAwMC9zdmciPjwvc3ZnPg==\" style=\"--smush-placeholder-width: 554px; --smush-placeholder-aspect-ratio: 554\/311;\" \/><\/figure><div class=\"wp-block-media-text__content\">\n<p class=\"has-medium-font-size\"><mark style=\"background-color:rgba(0, 0, 0, 0)\" class=\"has-inline-color has-black-color\">Les actions de la JCE sont vari\u00e9es et touchent \u00e0 des th\u00e9matiques cruciales comme l\u2019\u00e9conomie circulaire, la redynamisation des centres-villes, ou encore l\u2019accompagnement des jeunes dans leur insertion professionnelle.<\/mark><\/p>\n<\/div><\/div>\n<\/div>\n<\/div>\n\n\n\n<div class=\"wp-block-columns is-layout-flex wp-container-core-columns-is-layout-9d6595d7 wp-block-columns-is-layout-flex\">\n<div class=\"wp-block-column is-layout-flow wp-block-column-is-layout-flow\">\n<p class=\"has-medium-font-size\"><strong><mark style=\"background-color:rgba(0, 0, 0, 0)\" class=\"has-inline-color has-black-color\">Une d\u00e9marche RSE et RTE<\/mark><\/strong><\/p>\n\n\n\n<div class=\"wp-block-media-text is-stacked-on-mobile is-vertically-aligned-top\" style=\"grid-template-columns:15% auto\"><figure class=\"wp-block-media-text__media\"><img data-recalc-dims=\"1\" decoding=\"async\" width=\"548\" height=\"544\" data-src=\"https:\/\/i0.wp.com\/jce-agen.fr\/wp-content\/uploads\/2024\/09\/internationnal.png?resize=548%2C544&#038;ssl=1\" alt=\"\" class=\"wp-image-456 size-full lazyload\" data-srcset=\"https:\/\/i0.wp.com\/jce-agen.fr\/wp-content\/uploads\/2024\/09\/internationnal.png?w=548&amp;ssl=1 548w, https:\/\/i0.wp.com\/jce-agen.fr\/wp-content\/uploads\/2024\/09\/internationnal.png?resize=300%2C298&amp;ssl=1 300w, https:\/\/i0.wp.com\/jce-agen.fr\/wp-content\/uploads\/2024\/09\/internationnal.png?resize=150%2C150&amp;ssl=1 150w\" data-sizes=\"(max-width: 548px) 100vw, 548px\" src=\"data:image\/svg+xml;base64,PHN2ZyB3aWR0aD0iMSIgaGVpZ2h0PSIxIiB4bWxucz0iaHR0cDovL3d3dy53My5vcmcvMjAwMC9zdmciPjwvc3ZnPg==\" style=\"--smush-placeholder-width: 548px; --smush-placeholder-aspect-ratio: 548\/544;\" \/><\/figure><div class=\"wp-block-media-text__content\">\n<p class=\"has-medium-font-size\"><mark style=\"background-color:rgba(0, 0, 0, 0)\" class=\"has-inline-color has-black-color\">Les projets de la JCE sont syst\u00e9matiquement align\u00e9s avec les Objectifs de D\u00e9veloppement Durable (ODD) des Nations Unies, ce qui signifie qu&rsquo;ils visent \u00e0 apporter des r\u00e9ponses aux d\u00e9fis sociaux, \u00e9conomiques et environnementaux actuels<\/mark>.<\/p>\n<\/div><\/div>\n<\/div>\n\n\n\n<div class=\"wp-block-column is-layout-flow wp-block-column-is-layout-flow\">\n<p class=\"has-medium-font-size\"><strong><mark style=\"background-color:rgba(0, 0, 0, 0)\" class=\"has-inline-color has-black-color\">Renforcer les comp\u00e9tences citoyennes<\/mark><\/strong><\/p>\n\n\n\n<div class=\"wp-block-media-text is-stacked-on-mobile is-vertically-aligned-top\" style=\"grid-template-columns:20% auto\"><figure class=\"wp-block-media-text__media\"><img data-recalc-dims=\"1\" decoding=\"async\" width=\"531\" height=\"491\" data-src=\"https:\/\/i0.wp.com\/jce-agen.fr\/wp-content\/uploads\/2024\/09\/attachecase.png?resize=531%2C491&#038;ssl=1\" alt=\"\" class=\"wp-image-457 size-full lazyload\" data-srcset=\"https:\/\/i0.wp.com\/jce-agen.fr\/wp-content\/uploads\/2024\/09\/attachecase.png?w=531&amp;ssl=1 531w, https:\/\/i0.wp.com\/jce-agen.fr\/wp-content\/uploads\/2024\/09\/attachecase.png?resize=300%2C277&amp;ssl=1 300w\" data-sizes=\"(max-width: 531px) 100vw, 531px\" src=\"data:image\/svg+xml;base64,PHN2ZyB3aWR0aD0iMSIgaGVpZ2h0PSIxIiB4bWxucz0iaHR0cDovL3d3dy53My5vcmcvMjAwMC9zdmciPjwvc3ZnPg==\" style=\"--smush-placeholder-width: 531px; --smush-placeholder-aspect-ratio: 531\/491;\" \/><\/figure><div class=\"wp-block-media-text__content\">\n<p class=\"has-medium-font-size\"><mark style=\"background-color:rgba(0, 0, 0, 0)\" class=\"has-inline-color has-black-color\">La JCE permet \u00e0 ses membres de d\u00e9velopper des comp\u00e9tences vari\u00e9es telles que la gestion de projet, le leadership et le travail d\u2019\u00e9quipe, renfor\u00e7ant ainsi leur employabilit\u00e9<\/mark>.<\/p>\n<\/div><\/div>\n<\/div>\n<\/div>\n\n\n\n<div class=\"wp-block-columns is-layout-flex wp-container-core-columns-is-layout-9d6595d7 wp-block-columns-is-layout-flex\">\n<div class=\"wp-block-column is-layout-flow wp-block-column-is-layout-flow\">\n<p class=\"has-medium-font-size\"><strong><mark style=\"background-color:rgba(0, 0, 0, 0)\" class=\"has-inline-color has-black-color\">Un grand nombre d&rsquo;action nationale<\/mark><\/strong><\/p>\n\n\n\n<div class=\"wp-block-media-text is-stacked-on-mobile\" style=\"grid-template-columns:17% auto\"><figure class=\"wp-block-media-text__media\"><img data-recalc-dims=\"1\" decoding=\"async\" width=\"567\" height=\"538\" data-src=\"https:\/\/i0.wp.com\/jce-agen.fr\/wp-content\/uploads\/2024\/09\/cible.png?resize=567%2C538&#038;ssl=1\" alt=\"\" class=\"wp-image-459 size-full lazyload\" data-srcset=\"https:\/\/i0.wp.com\/jce-agen.fr\/wp-content\/uploads\/2024\/09\/cible.png?w=567&amp;ssl=1 567w, https:\/\/i0.wp.com\/jce-agen.fr\/wp-content\/uploads\/2024\/09\/cible.png?resize=300%2C285&amp;ssl=1 300w\" data-sizes=\"(max-width: 567px) 100vw, 567px\" src=\"data:image\/svg+xml;base64,PHN2ZyB3aWR0aD0iMSIgaGVpZ2h0PSIxIiB4bWxucz0iaHR0cDovL3d3dy53My5vcmcvMjAwMC9zdmciPjwvc3ZnPg==\" style=\"--smush-placeholder-width: 567px; --smush-placeholder-aspect-ratio: 567\/538;\" \/><\/figure><div class=\"wp-block-media-text__content\">\n<p class=\"has-medium-font-size\"><mark style=\"background-color:rgba(0, 0, 0, 0)\" class=\"has-inline-color has-black-color\">Chaque ann\u00e9e, plus de 400 projets concrets sont men\u00e9s \u00e0 bien sur tout le territoire<\/mark>.<\/p>\n<\/div><\/div>\n<\/div>\n\n\n\n<div class=\"wp-block-column is-layout-flow wp-block-column-is-layout-flow\">\n<p class=\"has-medium-font-size\"><strong><mark style=\"background-color:rgba(0, 0, 0, 0)\" class=\"has-inline-color has-black-color\">Un impact local<\/mark><\/strong><\/p>\n\n\n\n<div class=\"wp-block-media-text is-stacked-on-mobile is-vertically-aligned-top\" style=\"grid-template-columns:18% auto\"><figure class=\"wp-block-media-text__media\"><img data-recalc-dims=\"1\" decoding=\"async\" width=\"507\" height=\"547\" data-src=\"https:\/\/i0.wp.com\/jce-agen.fr\/wp-content\/uploads\/2024\/09\/construire.png?resize=507%2C547&#038;ssl=1\" alt=\"\" class=\"wp-image-460 size-full lazyload\" data-srcset=\"https:\/\/i0.wp.com\/jce-agen.fr\/wp-content\/uploads\/2024\/09\/construire.png?w=507&amp;ssl=1 507w, https:\/\/i0.wp.com\/jce-agen.fr\/wp-content\/uploads\/2024\/09\/construire.png?resize=278%2C300&amp;ssl=1 278w\" data-sizes=\"(max-width: 507px) 100vw, 507px\" src=\"data:image\/svg+xml;base64,PHN2ZyB3aWR0aD0iMSIgaGVpZ2h0PSIxIiB4bWxucz0iaHR0cDovL3d3dy53My5vcmcvMjAwMC9zdmciPjwvc3ZnPg==\" style=\"--smush-placeholder-width: 507px; --smush-placeholder-aspect-ratio: 507\/547;\" \/><\/figure><div class=\"wp-block-media-text__content\">\n<p class=\"has-medium-font-size\"><mark style=\"background-color:rgba(0, 0, 0, 0)\" class=\"has-inline-color has-black-color\">La JCEA \u00e0 m\u00e8ne en 2024 plusieurs  actions ayant un impact sur l&rsquo;agenais. <br>Fest&rsquo;eau, Z\u00e9rot M\u00e9got, Qui ne dit mot ne consent pas, Politique et citoyennet\u00e9, &#8230; <\/mark><\/p>\n<\/div><\/div>\n<\/div>\n<\/div>\n\n\n\n<h2 class=\"wp-block-heading has-text-align-center has-text-color has-link-color has-large-font-size wp-elements-27ad03a03ed818893a6359f7c5d7fe45\" style=\"color:#d09c3f\">Chaque don nous permet de faire encore mieux !<\/h2>\n\n\n\n<div style=\"height:100px\" aria-hidden=\"true\" class=\"wp-block-spacer\"><\/div>\n\n\n\n<div class=\"wp-block-buttons alignwide is-content-justification-center is-layout-flex wp-container-core-buttons-is-layout-16018d1d wp-block-buttons-is-layout-flex\">\n<div class=\"wp-block-button has-custom-width wp-block-button__width-100 has-custom-font-size is-style-fill has-large-font-size\"><a class=\"wp-block-button__link has-white-color has-text-color has-background has-link-color wp-element-button\" href=\"https:\/\/www.helloasso.com\/associations\/jeune-chambre-economique-d-agen\/formulaires\/2\" style=\"border-radius:61px;background-color:#34479e\"><strong>Nous soutenir <\/strong>\ud83d\ude80<\/a><\/div>\n<\/div>\n\n\n\n<div style=\"height:60px\" aria-hidden=\"true\" class=\"wp-block-spacer\"><\/div>\n","protected":false},"excerpt":{"rendered":"<p>Soutenir financi\u00e8rement la Jeune Chambre \u00c9conomique d&rsquo;Agen, c&rsquo;est nous permettre de faire des actions percutantes sur le territoire agenais. Quelques [&hellip;]<\/p>\n","protected":false},"author":1,"featured_media":0,"parent":0,"menu_order":0,"comment_status":"closed","ping_status":"closed","template":"","meta":{"advanced_seo_description":"","jetpack_seo_html_title":"","jetpack_seo_noindex":false,"footnotes":""},"class_list":["post-430","page","type-page","status-publish","hentry"],"jetpack_sharing_enabled":true,"_links":{"self":[{"href":"https:\/\/jce-agen.fr\/index.php\/wp-json\/wp\/v2\/pages\/430","targetHints":{"allow":["GET"]}}],"collection":[{"href":"https:\/\/jce-agen.fr\/index.php\/wp-json\/wp\/v2\/pages"}],"about":[{"href":"https:\/\/jce-agen.fr\/index.php\/wp-json\/wp\/v2\/types\/page"}],"author":[{"embeddable":true,"href":"https:\/\/jce-agen.fr\/index.php\/wp-json\/wp\/v2\/users\/1"}],"replies":[{"embeddable":true,"href":"https:\/\/jce-agen.fr\/index.php\/wp-json\/wp\/v2\/comments?post=430"}],"version-history":[{"count":31,"href":"https:\/\/jce-agen.fr\/index.php\/wp-json\/wp\/v2\/pages\/430\/revisions"}],"predecessor-version":[{"id":591,"href":"https:\/\/jce-agen.fr\/index.php\/wp-json\/wp\/v2\/pages\/430\/revisions\/591"}],"wp:attachment":[{"href":"https:\/\/jce-agen.fr\/index.php\/wp-json\/wp\/v2\/media?parent=430"}],"curies":[{"name":"wp","href":"https:\/\/api.w.org\/{rel}","templated":true}]}}