{"id":260,"date":"2024-03-04T20:17:04","date_gmt":"2024-03-04T19:17:04","guid":{"rendered":"https:\/\/jce-agen.fr\/?page_id=260"},"modified":"2025-07-09T15:30:51","modified_gmt":"2025-07-09T13:30:51","slug":"notre-histoire","status":"publish","type":"page","link":"https:\/\/jce-agen.fr\/index.php\/notre-histoire\/","title":{"rendered":"Notre Histoire"},"content":{"rendered":"\n<h1 class=\"wp-block-heading alignwide has-text-align-center has-text-color has-link-color wp-elements-0aec102fe917a05a0fe6df4a48906d1e\" style=\"color:#d09c3f;font-size:65px\"><strong>Plus de 70 ans d\u2019actions sur nos territoires\u2026<\/strong><\/h1>\n\n\n\n<div style=\"height:75px\" aria-hidden=\"true\" class=\"wp-block-spacer\"><\/div>\n\n\n\n<div class=\"wp-block-columns is-layout-flex wp-container-core-columns-is-layout-9d6595d7 wp-block-columns-is-layout-flex\">\n<div class=\"wp-block-column is-layout-flow wp-block-column-is-layout-flow\">\n<p><\/p>\n\n\n\n<p class=\"has-text-align-center has-text-color has-link-color wp-elements-9f2097f743b8171c9f45accaed033e5a\" style=\"color:#2685bb;font-size:45px\"><strong>\u00c0 l\u2019origine\u2026<\/strong><\/p>\n<\/div>\n\n\n\n<div class=\"wp-block-column is-layout-flow wp-block-column-is-layout-flow\">\n<p class=\"has-text-color has-link-color wp-elements-625905b7154ee7a3487706795169065c\" style=\"color:#2685bb;font-size:22px\">En 1952, au lendemain de la Seconde Guerre Mondiale et les d\u00e9fis financiers que traverse le pays, Yvon Chotard, \u00e9diteur et syndicaliste patronal engag\u00e9 fonde la Jeune Chambre \u00c9conomique de Paris qui deviendra deux ans plus tard, la Jeune Chambre \u00c9conomique Fran\u00e7aise :<\/p>\n<\/div>\n<\/div>\n\n\n\n<div style=\"height:50px\" aria-hidden=\"true\" class=\"wp-block-spacer\"><\/div>\n\n\n\n<div class=\"wp-block-columns is-layout-flex wp-container-core-columns-is-layout-9d6595d7 wp-block-columns-is-layout-flex\">\n<div class=\"wp-block-column is-layout-flow wp-block-column-is-layout-flow\" style=\"flex-basis:80%\">\n<blockquote class=\"wp-block-quote has-black-color has-text-color has-link-color wp-elements-744adc497e63d0a4e217417a318f3ba4 is-layout-flow wp-block-quote-is-layout-flow\">\n<p class=\"has-black-color has-text-color has-link-color wp-elements-de6f09d4f0b1e1bd94dc815e2fd66e6d\"><em>Il \u00e9tait une fois une dizaine de jeunes hommes, sortis de la guerre, d\u00e9cid\u00e9s \u00e0 construire l\u2019Europe, \u00e0 la recherche d\u2019une m\u00e9thode nouvelle pour incarner leur volont\u00e9 de servir l\u2019int\u00e9r\u00eat g\u00e9n\u00e9ral. Ils d\u00e9couvrirent la Jeune Chambre \u00c9conomique. Ils red\u00e9couvrirent le civisme. Ils le conjugu\u00e8rent d\u2019une mani\u00e8re moderne en partant de l\u2019\u00e9conomie et en lui donnant une dimension internationale<\/em>\u2026<\/p>\n<cite>\u2013 Yvon Chotard, pr\u00e9face de&nbsp;<em>Agir et R\u00e9ussir<\/em>, 1991.<\/cite><\/blockquote>\n<\/div>\n\n\n\n<div class=\"wp-block-column is-layout-flow wp-block-column-is-layout-flow\" style=\"flex-basis:20%\"><div class=\"wp-block-image is-style-rounded\">\n<figure class=\"aligncenter size-full is-resized\"><img data-recalc-dims=\"1\" decoding=\"async\" width=\"150\" height=\"175\" data-src=\"https:\/\/i0.wp.com\/jce-agen.fr\/wp-content\/uploads\/2024\/02\/yvon-chotard-e1561990619562.jpg?resize=150%2C175&#038;ssl=1\" alt=\"\" class=\"wp-image-64 lazyload\" style=\"--smush-placeholder-width: 150px; --smush-placeholder-aspect-ratio: 150\/175;width:174px;height:auto\" src=\"data:image\/svg+xml;base64,PHN2ZyB3aWR0aD0iMSIgaGVpZ2h0PSIxIiB4bWxucz0iaHR0cDovL3d3dy53My5vcmcvMjAwMC9zdmciPjwvc3ZnPg==\" \/><\/figure>\n<\/div><\/div>\n<\/div>\n\n\n\n<div style=\"height:85px\" aria-hidden=\"true\" class=\"wp-block-spacer\"><\/div>\n\n\n\n<h1 class=\"wp-block-heading alignfull has-text-align-center has-text-color has-link-color wp-elements-da248fe163a5df633c7243c0ba9595ce\" style=\"color:#2685bb;font-size:50px\"><strong>Nos valeurs<\/strong><\/h1>\n\n\n\n<div style=\"height:20px\" aria-hidden=\"true\" class=\"wp-block-spacer\"><\/div>\n\n\n\n<div class=\"wp-block-columns alignfull is-layout-flex wp-container-core-columns-is-layout-9d6595d7 wp-block-columns-is-layout-flex\">\n<div class=\"wp-block-column is-layout-flow wp-block-column-is-layout-flow\" style=\"flex-basis:15%\"><\/div>\n\n\n\n<div class=\"wp-block-column is-layout-flow wp-block-column-is-layout-flow\" style=\"flex-basis:70%\">\n<h2 class=\"wp-block-heading alignfull has-text-align-center has-text-color has-link-color wp-elements-deb35c536e024d1db40550a46564a05f\" style=\"color:#d09c3f\"><strong>Apartisane et non-religieuse, la Jeune Chambre \u00c9conomique Fran\u00e7aise apporte des r\u00e9ponses utiles face aux probl\u00e9matiques contemporaines<\/strong><\/h2>\n\n\n\n<div style=\"height:40px\" aria-hidden=\"true\" class=\"wp-block-spacer\"><\/div>\n\n\n\n<div class=\"wp-block-columns is-layout-flex wp-container-core-columns-is-layout-9d6595d7 wp-block-columns-is-layout-flex\">\n<div class=\"wp-block-column is-layout-flow wp-block-column-is-layout-flow\"><\/div>\n\n\n\n<div class=\"wp-block-column is-layout-flow wp-block-column-is-layout-flow\"><div class=\"wp-block-image\">\n<figure class=\"aligncenter size-full\"><img data-recalc-dims=\"1\" decoding=\"async\" width=\"512\" height=\"512\" data-src=\"https:\/\/i0.wp.com\/jce-agen.fr\/wp-content\/uploads\/2024\/03\/Fa-Team-Fontawesome-FontAwesome-Rocket.512.png?resize=512%2C512&#038;ssl=1\" alt=\"\" class=\"wp-image-289 lazyload\" style=\"--smush-placeholder-width: 512px; --smush-placeholder-aspect-ratio: 512\/512;aspect-ratio:4\/3;object-fit:contain\" data-srcset=\"https:\/\/i0.wp.com\/jce-agen.fr\/wp-content\/uploads\/2024\/03\/Fa-Team-Fontawesome-FontAwesome-Rocket.512.png?w=512&amp;ssl=1 512w, https:\/\/i0.wp.com\/jce-agen.fr\/wp-content\/uploads\/2024\/03\/Fa-Team-Fontawesome-FontAwesome-Rocket.512.png?resize=300%2C300&amp;ssl=1 300w, https:\/\/i0.wp.com\/jce-agen.fr\/wp-content\/uploads\/2024\/03\/Fa-Team-Fontawesome-FontAwesome-Rocket.512.png?resize=150%2C150&amp;ssl=1 150w\" data-sizes=\"(max-width: 512px) 100vw, 512px\" src=\"data:image\/svg+xml;base64,PHN2ZyB3aWR0aD0iMSIgaGVpZ2h0PSIxIiB4bWxucz0iaHR0cDovL3d3dy53My5vcmcvMjAwMC9zdmciPjwvc3ZnPg==\" \/><\/figure>\n<\/div>\n\n\n<h5 class=\"wp-block-heading has-text-align-center has-black-color has-text-color has-link-color wp-elements-30316c57e0157575bec36ea184f9a193\">Libert\u00e9 d\u2019action<\/h5>\n\n\n\n<div style=\"height:15px\" aria-hidden=\"true\" class=\"wp-block-spacer\"><\/div>\n\n\n\n<p class=\"has-text-align-center has-black-color has-text-color has-link-color wp-elements-cc19e2ad61abcf9db3d6ad0c8c50025a\">Un espace bienveillant d\u2019exp\u00e9rimentations<\/p>\n\n\n\n<div style=\"height:15px\" aria-hidden=\"true\" class=\"wp-block-spacer\"><\/div>\n<\/div>\n\n\n\n<div class=\"wp-block-column is-layout-flow wp-block-column-is-layout-flow\"><div class=\"wp-block-image\">\n<figure class=\"aligncenter size-full\"><img data-recalc-dims=\"1\" decoding=\"async\" width=\"512\" height=\"512\" data-src=\"https:\/\/i0.wp.com\/jce-agen.fr\/wp-content\/uploads\/2024\/03\/Fa-Team-Fontawesome-Emoji-FontAwesome-Emoji-Handshake.512.png?resize=512%2C512&#038;ssl=1\" alt=\"\" class=\"wp-image-290 lazyload\" style=\"--smush-placeholder-width: 512px; --smush-placeholder-aspect-ratio: 512\/512;aspect-ratio:4\/3;object-fit:contain\" data-srcset=\"https:\/\/i0.wp.com\/jce-agen.fr\/wp-content\/uploads\/2024\/03\/Fa-Team-Fontawesome-Emoji-FontAwesome-Emoji-Handshake.512.png?w=512&amp;ssl=1 512w, https:\/\/i0.wp.com\/jce-agen.fr\/wp-content\/uploads\/2024\/03\/Fa-Team-Fontawesome-Emoji-FontAwesome-Emoji-Handshake.512.png?resize=300%2C300&amp;ssl=1 300w, https:\/\/i0.wp.com\/jce-agen.fr\/wp-content\/uploads\/2024\/03\/Fa-Team-Fontawesome-Emoji-FontAwesome-Emoji-Handshake.512.png?resize=150%2C150&amp;ssl=1 150w\" data-sizes=\"(max-width: 512px) 100vw, 512px\" src=\"data:image\/svg+xml;base64,PHN2ZyB3aWR0aD0iMSIgaGVpZ2h0PSIxIiB4bWxucz0iaHR0cDovL3d3dy53My5vcmcvMjAwMC9zdmciPjwvc3ZnPg==\" \/><\/figure>\n<\/div>\n\n\n<h5 class=\"wp-block-heading has-text-align-center has-black-color has-text-color has-link-color wp-elements-5cc679f43c0c85c09efdb12555838570\">Solidarit\u00e9 transfrontali\u00e8re<\/h5>\n\n\n\n<div style=\"height:15px\" aria-hidden=\"true\" class=\"wp-block-spacer\"><\/div>\n\n\n\n<p class=\"has-text-align-center has-black-color has-text-color has-link-color wp-elements-00afdc1ebc107d36343ab84a8bfd7ce3\">Des valeurs communes et un go\u00fbt partag\u00e9 pour la citoyennet\u00e9 active<\/p>\n\n\n\n<div style=\"height:15px\" aria-hidden=\"true\" class=\"wp-block-spacer\"><\/div>\n<\/div>\n\n\n\n<div class=\"wp-block-column is-layout-flow wp-block-column-is-layout-flow\"><div class=\"wp-block-image\">\n<figure class=\"aligncenter size-full\"><img data-recalc-dims=\"1\" decoding=\"async\" width=\"512\" height=\"512\" data-src=\"https:\/\/i0.wp.com\/jce-agen.fr\/wp-content\/uploads\/2024\/03\/Pictogrammers-Material-Scale-balance.512.png?resize=512%2C512&#038;ssl=1\" alt=\"\" class=\"wp-image-291 lazyload\" style=\"--smush-placeholder-width: 512px; --smush-placeholder-aspect-ratio: 512\/512;aspect-ratio:4\/3;object-fit:contain\" data-srcset=\"https:\/\/i0.wp.com\/jce-agen.fr\/wp-content\/uploads\/2024\/03\/Pictogrammers-Material-Scale-balance.512.png?w=512&amp;ssl=1 512w, https:\/\/i0.wp.com\/jce-agen.fr\/wp-content\/uploads\/2024\/03\/Pictogrammers-Material-Scale-balance.512.png?resize=300%2C300&amp;ssl=1 300w, https:\/\/i0.wp.com\/jce-agen.fr\/wp-content\/uploads\/2024\/03\/Pictogrammers-Material-Scale-balance.512.png?resize=150%2C150&amp;ssl=1 150w\" data-sizes=\"(max-width: 512px) 100vw, 512px\" src=\"data:image\/svg+xml;base64,PHN2ZyB3aWR0aD0iMSIgaGVpZ2h0PSIxIiB4bWxucz0iaHR0cDovL3d3dy53My5vcmcvMjAwMC9zdmciPjwvc3ZnPg==\" \/><\/figure>\n<\/div>\n\n\n<h5 class=\"wp-block-heading has-text-align-center has-black-color has-text-color has-link-color wp-elements-64489463c556ecdf2738192b5b64dd8b\">\u00c9galit\u00e9<\/h5>\n\n\n\n<div style=\"height:15px\" aria-hidden=\"true\" class=\"wp-block-spacer\"><\/div>\n\n\n\n<p class=\"has-text-align-center has-black-color has-text-color has-link-color wp-elements-b431651307b7af1579a0e0cce1aa98f3\">Des actions cr\u00e9\u00e9es par tous et apprenantes pour tous<\/p>\n<\/div>\n\n\n\n<div class=\"wp-block-column is-layout-flow wp-block-column-is-layout-flow\"><div class=\"wp-block-image\">\n<figure class=\"aligncenter size-full\"><img data-recalc-dims=\"1\" decoding=\"async\" width=\"512\" height=\"512\" data-src=\"https:\/\/i0.wp.com\/jce-agen.fr\/wp-content\/uploads\/2024\/03\/Fa-Team-Fontawesome-FontAwesome-People-Group.512.png?resize=512%2C512&#038;ssl=1\" alt=\"\" class=\"wp-image-292 lazyload\" style=\"--smush-placeholder-width: 512px; --smush-placeholder-aspect-ratio: 512\/512;aspect-ratio:4\/3;object-fit:contain\" data-srcset=\"https:\/\/i0.wp.com\/jce-agen.fr\/wp-content\/uploads\/2024\/03\/Fa-Team-Fontawesome-FontAwesome-People-Group.512.png?w=512&amp;ssl=1 512w, https:\/\/i0.wp.com\/jce-agen.fr\/wp-content\/uploads\/2024\/03\/Fa-Team-Fontawesome-FontAwesome-People-Group.512.png?resize=300%2C300&amp;ssl=1 300w, https:\/\/i0.wp.com\/jce-agen.fr\/wp-content\/uploads\/2024\/03\/Fa-Team-Fontawesome-FontAwesome-People-Group.512.png?resize=150%2C150&amp;ssl=1 150w\" data-sizes=\"(max-width: 512px) 100vw, 512px\" src=\"data:image\/svg+xml;base64,PHN2ZyB3aWR0aD0iMSIgaGVpZ2h0PSIxIiB4bWxucz0iaHR0cDovL3d3dy53My5vcmcvMjAwMC9zdmciPjwvc3ZnPg==\" \/><\/figure>\n<\/div>\n\n\n<h5 class=\"wp-block-heading has-text-align-center has-black-color has-text-color has-link-color wp-elements-55291abbf592285df8c764d8633ad46a\">Collectif<\/h5>\n\n\n\n<div style=\"height:15px\" aria-hidden=\"true\" class=\"wp-block-spacer\"><\/div>\n\n\n\n<p class=\"has-text-align-center has-black-color has-text-color has-link-color wp-elements-ec06724b4df258a18d0cd639a389a15d\">L\u2019intelligence collective et l\u2019esprit d\u2019\u00e9quipe au c\u0153ur des actions<\/p>\n<\/div>\n\n\n\n<div class=\"wp-block-column is-layout-flow wp-block-column-is-layout-flow\"><\/div>\n<\/div>\n<\/div>\n\n\n\n<div class=\"wp-block-column is-layout-flow wp-block-column-is-layout-flow\" style=\"flex-basis:15%\"><\/div>\n<\/div>\n\n\n\n<div style=\"height:20px\" aria-hidden=\"true\" class=\"wp-block-spacer\"><\/div>\n","protected":false},"excerpt":{"rendered":"<p>Plus de 70 ans d\u2019actions sur nos territoires\u2026 \u00c0 l\u2019origine\u2026 En 1952, au lendemain de la Seconde Guerre Mondiale et [&hellip;]<\/p>\n","protected":false},"author":1,"featured_media":0,"parent":0,"menu_order":0,"comment_status":"closed","ping_status":"closed","template":"","meta":{"advanced_seo_description":"","jetpack_seo_html_title":"","jetpack_seo_noindex":false,"footnotes":""},"class_list":["post-260","page","type-page","status-publish","hentry"],"jetpack_sharing_enabled":true,"_links":{"self":[{"href":"https:\/\/jce-agen.fr\/index.php\/wp-json\/wp\/v2\/pages\/260","targetHints":{"allow":["GET"]}}],"collection":[{"href":"https:\/\/jce-agen.fr\/index.php\/wp-json\/wp\/v2\/pages"}],"about":[{"href":"https:\/\/jce-agen.fr\/index.php\/wp-json\/wp\/v2\/types\/page"}],"author":[{"embeddable":true,"href":"https:\/\/jce-agen.fr\/index.php\/wp-json\/wp\/v2\/users\/1"}],"replies":[{"embeddable":true,"href":"https:\/\/jce-agen.fr\/index.php\/wp-json\/wp\/v2\/comments?post=260"}],"version-history":[{"count":27,"href":"https:\/\/jce-agen.fr\/index.php\/wp-json\/wp\/v2\/pages\/260\/revisions"}],"predecessor-version":[{"id":304,"href":"https:\/\/jce-agen.fr\/index.php\/wp-json\/wp\/v2\/pages\/260\/revisions\/304"}],"wp:attachment":[{"href":"https:\/\/jce-agen.fr\/index.php\/wp-json\/wp\/v2\/media?parent=260"}],"curies":[{"name":"wp","href":"https:\/\/api.w.org\/{rel}","templated":true}]}}