{"id":244,"date":"2024-03-04T20:03:45","date_gmt":"2024-03-04T19:03:45","guid":{"rendered":"https:\/\/jce-agen.fr\/?page_id=244"},"modified":"2025-07-09T15:29:35","modified_gmt":"2025-07-09T13:29:35","slug":"devenir-partenaire","status":"publish","type":"page","link":"https:\/\/jce-agen.fr\/index.php\/devenir-partenaire\/","title":{"rendered":"Devenir Partenaire"},"content":{"rendered":"\n<div style=\"height:50px\" aria-hidden=\"true\" class=\"wp-block-spacer\"><\/div>\n\n\n\n<h1 class=\"wp-block-heading has-text-align-center has-text-color has-link-color wp-elements-dbe170fbed029b79dd273c5efe33d319\" style=\"color:#2685bb\"><strong>Co-construire avec les leaders citoyens ?<\/strong><\/h1>\n\n\n\n<h2 class=\"wp-block-heading has-text-align-center has-text-color has-link-color wp-elements-f1ac8c3a00efc2e1702e1c440140812f\" style=\"color:#d09c3f\"><strong>Devenez partenaires des actions de nos b\u00e9n\u00e9voles !<\/strong><\/h2>\n\n\n\n<div style=\"height:50px\" aria-hidden=\"true\" class=\"wp-block-spacer\"><\/div>\n\n\n\n<div class=\"wp-block-columns alignfull has-background is-layout-flex wp-container-core-columns-is-layout-9d6595d7 wp-block-columns-is-layout-flex\" style=\"background-color:#d09c3f\">\n<div class=\"wp-block-column is-layout-flow wp-block-column-is-layout-flow\" style=\"flex-basis:25%\"><\/div>\n\n\n\n<div class=\"wp-block-column is-layout-flow wp-block-column-is-layout-flow\" style=\"flex-basis:50%\">\n<div style=\"height:50px\" aria-hidden=\"true\" class=\"wp-block-spacer\"><\/div>\n\n\n\n<p class=\"has-white-color has-text-color has-link-color wp-elements-48b3755d2d7956bb47a3a8c6b31eea47\" style=\"font-size:20px\">Avec l\u2019envie de participer au d\u00e9ploiement de nos valeurs, mais aussi de partager les leurs, les partenaires co-construisent avec nous les projets d\u2019aujourd\u2019hui et de demain. <br>La Jeune Chambre \u00c9conomique d&rsquo;Agen <strong>cherche \u00e0 cr\u00e9er un lien solide et durable avec ses partenaires afin de pouvoir \u00e9voluer ensemble et agir dans l\u2019int\u00e9r\u00eat g\u00e9n\u00e9ral<\/strong>. <br>Cette coop\u00e9ration permet une mise en commun <strong>d\u2019id\u00e9es et de ressources, tant \u00e0 l\u2019\u00e9chelle nationale qu\u2019\u00e0 l\u2019\u00e9chelle locale<\/strong>. <br>Dans l\u2019objectif de s\u2019unir pour cr\u00e9er des changements positifs, la JCEA et ses partenaires agissent <strong>pour changer le monde et contribuer au progr\u00e8s de la communaut\u00e9<\/strong>.<\/p>\n<\/div>\n\n\n\n<div class=\"wp-block-column is-layout-flow wp-block-column-is-layout-flow\" style=\"flex-basis:25%\"><\/div>\n<\/div>\n\n\n\n<div style=\"height:25px\" aria-hidden=\"true\" class=\"wp-block-spacer\"><\/div>\n\n\n\n<p class=\"has-text-align-center\" style=\"font-size:21px\">Vous souhaitez soutenir nos actions ? \u00c9crivez-nous !<\/p>\n\n\n<div class=\"wp-block-jetpack-contact-form is-layout-flex wp-container-jetpack-contact-form-is-layout-026b38f8 wp-block-jetpack-contact-form-is-layout-flex\"><a href=\"https:\/\/jce-agen.fr\/index.php\/devenir-partenaire\/\" target=\"_blank\" rel=\"noopener noreferrer\">Soumettre un formulaire.<\/a><\/div>\n\n\n<p class=\"has-text-align-center has-black-color has-text-color has-link-color has-medium-font-size wp-elements-0bc9e3b68f77a0eaf592fd21c85c0d38\"><em>Ou directement par mail : <a href=\"mailto:agen@jcef.asso.fr\"><strong>agen@jcef.asso.fr<\/strong><\/a><\/em><\/p>\n\n\n\n<div class=\"wp-block-columns is-layout-flex wp-container-core-columns-is-layout-9d6595d7 wp-block-columns-is-layout-flex\">\n<div class=\"wp-block-column is-layout-flow wp-block-column-is-layout-flow\">\n<h2 class=\"wp-block-heading\">Retrouver notre dossier de partenariat :<\/h2>\n\n\n\n<div class=\"wp-block-buttons is-layout-flex wp-block-buttons-is-layout-flex\">\n<div class=\"wp-block-button\"><a class=\"wp-block-button__link wp-element-button\" href=\"https:\/\/drive.google.com\/file\/d\/1CINWDrOXlDgAIywooMHSTUD1nJHrf3RK\/view?usp=sharing\">T\u00e9l\u00e9charger le dossier<\/a><\/div>\n<\/div>\n\n\n\n<div data-wp-interactive=\"core\/file\" class=\"wp-block-file\"><object data-wp-bind--hidden=\"!state.hasPdfPreview\" hidden class=\"wp-block-file__embed\" data=\"https:\/\/jce-agen.fr\/wp-content\/uploads\/2025\/07\/DEVENIR-PARTENAIRE-1.pdf\" type=\"application\/pdf\" style=\"width:100%;height:600px\" aria-label=\"Contenu embarqu\u00e9 DEVENIR PARTENAIRE-1.\"><\/object><a id=\"wp-block-file--media-403ce53c-626c-4101-a351-993027121854\" href=\"https:\/\/jce-agen.fr\/wp-content\/uploads\/2025\/07\/DEVENIR-PARTENAIRE-1.pdf\">DEVENIR PARTENAIRE-1<\/a><a href=\"https:\/\/jce-agen.fr\/wp-content\/uploads\/2025\/07\/DEVENIR-PARTENAIRE-1.pdf\" class=\"wp-block-file__button wp-element-button\" download aria-describedby=\"wp-block-file--media-403ce53c-626c-4101-a351-993027121854\">T\u00e9l\u00e9charger<\/a><\/div>\n<\/div>\n<\/div>\n","protected":false},"excerpt":{"rendered":"<p>Co-construire avec les leaders citoyens ? Devenez partenaires des actions de nos b\u00e9n\u00e9voles ! Avec l\u2019envie de participer au d\u00e9ploiement [&hellip;]<\/p>\n","protected":false},"author":1,"featured_media":0,"parent":0,"menu_order":0,"comment_status":"closed","ping_status":"closed","template":"","meta":{"advanced_seo_description":"","jetpack_seo_html_title":"","jetpack_seo_noindex":false,"footnotes":""},"class_list":["post-244","page","type-page","status-publish","hentry"],"jetpack_sharing_enabled":true,"_links":{"self":[{"href":"https:\/\/jce-agen.fr\/index.php\/wp-json\/wp\/v2\/pages\/244","targetHints":{"allow":["GET"]}}],"collection":[{"href":"https:\/\/jce-agen.fr\/index.php\/wp-json\/wp\/v2\/pages"}],"about":[{"href":"https:\/\/jce-agen.fr\/index.php\/wp-json\/wp\/v2\/types\/page"}],"author":[{"embeddable":true,"href":"https:\/\/jce-agen.fr\/index.php\/wp-json\/wp\/v2\/users\/1"}],"replies":[{"embeddable":true,"href":"https:\/\/jce-agen.fr\/index.php\/wp-json\/wp\/v2\/comments?post=244"}],"version-history":[{"count":17,"href":"https:\/\/jce-agen.fr\/index.php\/wp-json\/wp\/v2\/pages\/244\/revisions"}],"predecessor-version":[{"id":653,"href":"https:\/\/jce-agen.fr\/index.php\/wp-json\/wp\/v2\/pages\/244\/revisions\/653"}],"wp:attachment":[{"href":"https:\/\/jce-agen.fr\/index.php\/wp-json\/wp\/v2\/media?parent=244"}],"curies":[{"name":"wp","href":"https:\/\/api.w.org\/{rel}","templated":true}]}}